{"id":16,"date":"2014-02-15T21:08:02","date_gmt":"2014-02-15T23:08:02","guid":{"rendered":"https:\/\/www.vidanoaquario.com.br\/?page_id=16"},"modified":"2014-02-15T21:08:02","modified_gmt":"2014-02-15T23:08:02","slug":"privacidade","status":"publish","type":"page","link":"https:\/\/www.vidanoaquario.com.br\/index.php\/privacidade\/","title":{"rendered":"Privacidade"},"content":{"rendered":"<p style=\"text-align: justify;\">O\u00a0<strong>Vida no Aqu\u00e1rio<\/strong>\u00a0respeita seu visitante e assume o compromisso de proteger sua privacidade na internet. Nosso compromisso \u00e9 o de resguardar as informa\u00e7\u00f5es pessoais que nos forem fornecidas e o de utilizar estas informa\u00e7\u00f5es somente para os fins a que forem destinadas.<\/p>\n<p style=\"text-align: justify;\">Esta declara\u00e7\u00e3o de privacidade descreve as pr\u00e1ticas de privacidade do site e explica as op\u00e7\u00f5es que s\u00e3o fornecidas sobre o modo pelo qual as informa\u00e7\u00f5es dos visitantes s\u00e3o coletadas e utilizadas.<\/p>\n<p style=\"text-align: justify;\"><strong>Logs do Servidor<\/strong><\/p>\n<p style=\"text-align: justify;\">Assim como acontece na maioria dos sites e blogs, nossos servidores usam arquivos de log. Estes arquivos incluem endere\u00e7os IP, tipo de browser, informa\u00e7\u00f5es de provedor, p\u00e1gina de origem, p\u00e1gina de sa\u00edda, plataforma usada, data, hor\u00e1rio e n\u00famero de cliques. Estes dados n\u00e3o permitem a identifica\u00e7\u00e3o do usu\u00e1rio e s\u00e3o coletados para verificar o alcance demogr\u00e1fico do site e para permitir que nossas atualiza\u00e7\u00f5es agreguem sempre mais conte\u00fado que seja relevante aos usu\u00e1rios.<\/p>\n<p style=\"text-align: justify;\"><strong>Cookies e Web Beacons<\/strong><\/p>\n<p style=\"text-align: justify;\">Um cookie \u00e9 um pequeno arquivo de dados armazenado no computador do usu\u00e1rio que traz informa\u00e7\u00f5es do mesmo. Nosso blog usa cookies, al\u00e9m disso alguns de nossos anunciantes tamb\u00e9m usam e n\u00f3s n\u00e3o temos acesso e nem controle sobre esses cookies. Se o usu\u00e1rio desejar poder\u00e1 desabilitar o recebimento e o armazenamento de cookies em seu navegador alterando as configura\u00e7\u00f5es de seguran\u00e7a do mesmo, no menu de ferramentas. Maiores informa\u00e7\u00f5es a respeito podem ser obtidas nos arquivos de ajuda do seu navegador.<\/p>\n<p style=\"text-align: justify;\"><strong>Links<\/strong><\/p>\n<p style=\"text-align: justify;\">Nosso blog pode conter links para outros sites. N\u00e3o somos respons\u00e1veis pelas pol\u00edticas de privacidade desses sites e encorajamos nossos usu\u00e1rios a buscar e ler essas informa\u00e7\u00f5es nos sites linkados.<\/p>\n<p style=\"text-align: justify;\"><strong>Anunciantes<\/strong><\/p>\n<p style=\"text-align: justify;\">Usamos servi\u00e7os de outras empresas para exibir an\u00fancios em nosso site. Esses an\u00fancios podem conter cookies e\/ou web beacons para coletar dados no processo de exibi\u00e7\u00e3o de an\u00fancios por essas empresas. N\u00f3s n\u00e3o temos acesso \u00e0s informa\u00e7\u00f5es coletadas por essas empresas.<\/p>\n<p style=\"text-align: justify;\"><strong>Cookie DART do Google AdSense<\/strong><\/p>\n<p style=\"text-align: justify;\">Este site exibe an\u00fancios servidos pela rede Google AdSense. O Google usa cookies para exibir an\u00fancios nos sites que publicam seus an\u00fancios. O cookie DART permite que sejam exibidos an\u00fancios baseados nas prefer\u00eancias do usu\u00e1rio e em seus h\u00e1bitos de navega\u00e7\u00e3o. Os usu\u00e1rios podem optar por desabilitar o cookie DART a\u00a0<a href=\"http:\/\/www.google.com\/privacy_ads.html\">p\u00e1gina que cont\u00e9m a pol\u00edtica de privacidade da rede de an\u00fancios e conte\u00fado do Google<\/a>.<\/p>\n<p style=\"text-align: justify;\"><strong>Novidades por E-mail<\/strong><\/p>\n<p style=\"text-align: justify;\">No caso do usu\u00e1rio cadastrar-se para receber as novidades do site por e-mail, atrav\u00e9s do preenchimento do formul\u00e1rio na lateral superior direita do site, asseguramos que o endere\u00e7o de e-mail informado n\u00e3o ser\u00e1 jamais utilizado para qualquer outra finalidade que n\u00e3o seja o envio do feed RSS do site, processo este que \u00e9 autom\u00e1tico e executado pelo FeedBurner.<\/p>\n<p style=\"text-align: justify;\"><strong>Informa\u00e7\u00f5es de Contato<\/strong><\/p>\n<p style=\"text-align: justify;\">Em caso de d\u00favidas, sugest\u00f5es ou questionamentos a respeito de nossa pol\u00edtica de privacidade ou do site, nossos usu\u00e1rios podem contatar-nos atrav\u00e9s do e-mail <a href=\"mailto:editor@vidanoaquario.com.br\">editor@vidanoaquario.com.br<\/a>.<\/p>\n<p style=\"text-align: justify;\">\u00daltima Atualiza\u00e7\u00e3o: 14\/10\/2013<\/p>\n","protected":false},"excerpt":{"rendered":"<p>O\u00a0Vida no Aqu\u00e1rio\u00a0respeita seu visitante e assume o compromisso de proteger sua privacidade na internet. Nosso compromisso \u00e9 o de resguardar as informa\u00e7\u00f5es pessoais que nos forem fornecidas e o de utilizar estas informa\u00e7\u00f5es somente para os fins a que forem destinadas. Esta declara\u00e7\u00e3o de privacidade descreve as pr\u00e1ticas de privacidade do site e explica as op\u00e7\u00f5es que s\u00e3o fornecidas sobre o modo pelo qual as informa\u00e7\u00f5es dos visitantes s\u00e3o coletadas e utilizadas. Logs do&hellip;<\/p>\n","protected":false},"author":2,"featured_media":0,"parent":0,"menu_order":4,"comment_status":"closed","ping_status":"closed","template":"","meta":{"footnotes":""},"class_list":["post-16","page","type-page","status-publish","hentry"],"yoast_head":"<!-- This site is optimized with the Yoast SEO plugin v27.5 - https:\/\/yoast.com\/product\/yoast-seo-wordpress\/ -->\n<title>Privacidade - Vida no Aqu\u00e1rio<\/title>\n<meta name=\"robots\" content=\"index, follow, max-snippet:-1, max-image-preview:large, max-video-preview:-1\" \/>\n<link rel=\"canonical\" href=\"https:\/\/www.vidanoaquario.com.br\/index.php\/privacidade\/\" \/>\n<meta property=\"og:locale\" content=\"pt_BR\" \/>\n<meta property=\"og:type\" content=\"article\" \/>\n<meta property=\"og:title\" content=\"Privacidade - Vida no Aqu\u00e1rio\" \/>\n<meta property=\"og:description\" content=\"O\u00a0Vida no Aqu\u00e1rio\u00a0respeita seu visitante e assume o compromisso de proteger sua privacidade na internet. Nosso compromisso \u00e9 o de resguardar as informa\u00e7\u00f5es pessoais que nos forem fornecidas e o de utilizar estas informa\u00e7\u00f5es somente para os fins a que forem destinadas. Esta declara\u00e7\u00e3o de privacidade descreve as pr\u00e1ticas de privacidade do site e explica as op\u00e7\u00f5es que s\u00e3o fornecidas sobre o modo pelo qual as informa\u00e7\u00f5es dos visitantes s\u00e3o coletadas e utilizadas. Logs do&hellip;\" \/>\n<meta property=\"og:url\" content=\"https:\/\/www.vidanoaquario.com.br\/index.php\/privacidade\/\" \/>\n<meta property=\"og:site_name\" content=\"Vida no Aqu\u00e1rio\" \/>\n<meta name=\"twitter:card\" content=\"summary_large_image\" \/>\n<meta name=\"twitter:site\" content=\"@vidanoaquario\" \/>\n<meta name=\"twitter:label1\" content=\"Est. tempo de leitura\" \/>\n\t<meta name=\"twitter:data1\" content=\"3 minutos\" \/>\n<script type=\"application\/ld+json\" class=\"yoast-schema-graph\">{\"@context\":\"https:\\\/\\\/schema.org\",\"@graph\":[{\"@type\":\"WebPage\",\"@id\":\"https:\\\/\\\/www.vidanoaquario.com.br\\\/index.php\\\/privacidade\\\/\",\"url\":\"https:\\\/\\\/www.vidanoaquario.com.br\\\/index.php\\\/privacidade\\\/\",\"name\":\"Privacidade - Vida no Aqu\u00e1rio\",\"isPartOf\":{\"@id\":\"https:\\\/\\\/www.vidanoaquario.com.br\\\/#website\"},\"datePublished\":\"2014-02-15T23:08:02+00:00\",\"breadcrumb\":{\"@id\":\"https:\\\/\\\/www.vidanoaquario.com.br\\\/index.php\\\/privacidade\\\/#breadcrumb\"},\"inLanguage\":\"pt-BR\",\"potentialAction\":[{\"@type\":\"ReadAction\",\"target\":[\"https:\\\/\\\/www.vidanoaquario.com.br\\\/index.php\\\/privacidade\\\/\"]}]},{\"@type\":\"BreadcrumbList\",\"@id\":\"https:\\\/\\\/www.vidanoaquario.com.br\\\/index.php\\\/privacidade\\\/#breadcrumb\",\"itemListElement\":[{\"@type\":\"ListItem\",\"position\":1,\"name\":\"In\u00edcio\",\"item\":\"https:\\\/\\\/www.vidanoaquario.com.br\\\/\"},{\"@type\":\"ListItem\",\"position\":2,\"name\":\"Privacidade\"}]},{\"@type\":\"WebSite\",\"@id\":\"https:\\\/\\\/www.vidanoaquario.com.br\\\/#website\",\"url\":\"https:\\\/\\\/www.vidanoaquario.com.br\\\/\",\"name\":\"Vida no Aqu\u00e1rio\",\"description\":\"\",\"publisher\":{\"@id\":\"https:\\\/\\\/www.vidanoaquario.com.br\\\/#organization\"},\"potentialAction\":[{\"@type\":\"SearchAction\",\"target\":{\"@type\":\"EntryPoint\",\"urlTemplate\":\"https:\\\/\\\/www.vidanoaquario.com.br\\\/?s={search_term_string}\"},\"query-input\":{\"@type\":\"PropertyValueSpecification\",\"valueRequired\":true,\"valueName\":\"search_term_string\"}}],\"inLanguage\":\"pt-BR\"},{\"@type\":\"Organization\",\"@id\":\"https:\\\/\\\/www.vidanoaquario.com.br\\\/#organization\",\"name\":\"Vida no Aqu\u00e1rio\",\"url\":\"https:\\\/\\\/www.vidanoaquario.com.br\\\/\",\"logo\":{\"@type\":\"ImageObject\",\"inLanguage\":\"pt-BR\",\"@id\":\"https:\\\/\\\/www.vidanoaquario.com.br\\\/#\\\/schema\\\/logo\\\/image\\\/\",\"url\":\"https:\\\/\\\/www.vidanoaquario.com.br\\\/wp-content\\\/uploads\\\/2025\\\/05\\\/cropped-aqu-logo.jpg\",\"contentUrl\":\"https:\\\/\\\/www.vidanoaquario.com.br\\\/wp-content\\\/uploads\\\/2025\\\/05\\\/cropped-aqu-logo.jpg\",\"width\":429,\"height\":116,\"caption\":\"Vida no Aqu\u00e1rio\"},\"image\":{\"@id\":\"https:\\\/\\\/www.vidanoaquario.com.br\\\/#\\\/schema\\\/logo\\\/image\\\/\"},\"sameAs\":[\"https:\\\/\\\/x.com\\\/vidanoaquario\"]}]}<\/script>\n<!-- \/ Yoast SEO plugin. -->","yoast_head_json":{"title":"Privacidade - Vida no Aqu\u00e1rio","robots":{"index":"index","follow":"follow","max-snippet":"max-snippet:-1","max-image-preview":"max-image-preview:large","max-video-preview":"max-video-preview:-1"},"canonical":"https:\/\/www.vidanoaquario.com.br\/index.php\/privacidade\/","og_locale":"pt_BR","og_type":"article","og_title":"Privacidade - Vida no Aqu\u00e1rio","og_description":"O\u00a0Vida no Aqu\u00e1rio\u00a0respeita seu visitante e assume o compromisso de proteger sua privacidade na internet. Nosso compromisso \u00e9 o de resguardar as informa\u00e7\u00f5es pessoais que nos forem fornecidas e o de utilizar estas informa\u00e7\u00f5es somente para os fins a que forem destinadas. Esta declara\u00e7\u00e3o de privacidade descreve as pr\u00e1ticas de privacidade do site e explica as op\u00e7\u00f5es que s\u00e3o fornecidas sobre o modo pelo qual as informa\u00e7\u00f5es dos visitantes s\u00e3o coletadas e utilizadas. Logs do&hellip;","og_url":"https:\/\/www.vidanoaquario.com.br\/index.php\/privacidade\/","og_site_name":"Vida no Aqu\u00e1rio","twitter_card":"summary_large_image","twitter_site":"@vidanoaquario","twitter_misc":{"Est. tempo de leitura":"3 minutos"},"schema":{"@context":"https:\/\/schema.org","@graph":[{"@type":"WebPage","@id":"https:\/\/www.vidanoaquario.com.br\/index.php\/privacidade\/","url":"https:\/\/www.vidanoaquario.com.br\/index.php\/privacidade\/","name":"Privacidade - Vida no Aqu\u00e1rio","isPartOf":{"@id":"https:\/\/www.vidanoaquario.com.br\/#website"},"datePublished":"2014-02-15T23:08:02+00:00","breadcrumb":{"@id":"https:\/\/www.vidanoaquario.com.br\/index.php\/privacidade\/#breadcrumb"},"inLanguage":"pt-BR","potentialAction":[{"@type":"ReadAction","target":["https:\/\/www.vidanoaquario.com.br\/index.php\/privacidade\/"]}]},{"@type":"BreadcrumbList","@id":"https:\/\/www.vidanoaquario.com.br\/index.php\/privacidade\/#breadcrumb","itemListElement":[{"@type":"ListItem","position":1,"name":"In\u00edcio","item":"https:\/\/www.vidanoaquario.com.br\/"},{"@type":"ListItem","position":2,"name":"Privacidade"}]},{"@type":"WebSite","@id":"https:\/\/www.vidanoaquario.com.br\/#website","url":"https:\/\/www.vidanoaquario.com.br\/","name":"Vida no Aqu\u00e1rio","description":"","publisher":{"@id":"https:\/\/www.vidanoaquario.com.br\/#organization"},"potentialAction":[{"@type":"SearchAction","target":{"@type":"EntryPoint","urlTemplate":"https:\/\/www.vidanoaquario.com.br\/?s={search_term_string}"},"query-input":{"@type":"PropertyValueSpecification","valueRequired":true,"valueName":"search_term_string"}}],"inLanguage":"pt-BR"},{"@type":"Organization","@id":"https:\/\/www.vidanoaquario.com.br\/#organization","name":"Vida no Aqu\u00e1rio","url":"https:\/\/www.vidanoaquario.com.br\/","logo":{"@type":"ImageObject","inLanguage":"pt-BR","@id":"https:\/\/www.vidanoaquario.com.br\/#\/schema\/logo\/image\/","url":"https:\/\/www.vidanoaquario.com.br\/wp-content\/uploads\/2025\/05\/cropped-aqu-logo.jpg","contentUrl":"https:\/\/www.vidanoaquario.com.br\/wp-content\/uploads\/2025\/05\/cropped-aqu-logo.jpg","width":429,"height":116,"caption":"Vida no Aqu\u00e1rio"},"image":{"@id":"https:\/\/www.vidanoaquario.com.br\/#\/schema\/logo\/image\/"},"sameAs":["https:\/\/x.com\/vidanoaquario"]}]}},"_links":{"self":[{"href":"https:\/\/www.vidanoaquario.com.br\/index.php\/wp-json\/wp\/v2\/pages\/16","targetHints":{"allow":["GET"]}}],"collection":[{"href":"https:\/\/www.vidanoaquario.com.br\/index.php\/wp-json\/wp\/v2\/pages"}],"about":[{"href":"https:\/\/www.vidanoaquario.com.br\/index.php\/wp-json\/wp\/v2\/types\/page"}],"author":[{"embeddable":true,"href":"https:\/\/www.vidanoaquario.com.br\/index.php\/wp-json\/wp\/v2\/users\/2"}],"replies":[{"embeddable":true,"href":"https:\/\/www.vidanoaquario.com.br\/index.php\/wp-json\/wp\/v2\/comments?post=16"}],"version-history":[{"count":0,"href":"https:\/\/www.vidanoaquario.com.br\/index.php\/wp-json\/wp\/v2\/pages\/16\/revisions"}],"wp:attachment":[{"href":"https:\/\/www.vidanoaquario.com.br\/index.php\/wp-json\/wp\/v2\/media?parent=16"}],"curies":[{"name":"wp","href":"https:\/\/api.w.org\/{rel}","templated":true}]}}